{"id":18,"date":"2018-07-16T10:07:15","date_gmt":"2018-07-16T10:07:15","guid":{"rendered":"http:\/\/sabirnica-online.com\/?page_id=18"},"modified":"2025-08-19T10:18:43","modified_gmt":"2025-08-19T10:18:43","slug":"pocetna-stranica","status":"publish","type":"page","link":"https:\/\/sabirnica-online.com\/","title":{"rendered":"Po\u010detna stranica"},"content":{"rendered":"<p><strong>Sabirnica d.o.o.<\/strong> pru\u017ea informati\u010dke usluge koje obuhva\u0107aju aktivnosti iz podru\u010dja informati\u010dke tehnologije:<\/p>\n<p><em>&#8211; nabava i isporuka informati\u010dke opreme (HW i SW)<\/em><br \/><em>&#8211; instalacija informati\u010dke opreme (HW i SW)<\/em><br \/><em>&#8211; izrada aplikacija posebno prilago\u0111enih potrebama poslovanja pojedinog pravnog ili fizi\u010dkog subjekta<\/em><br \/><em>&#8211; implementacija raznih programskih rje\u0161enja: Odoo, Alfresco, LimeSurvey itd.<\/em><br \/><em>&#8211; odr\u017eavanje IT sustava (HW, SW, AD administracija, AV, network, firewall i NIDS&#8230;)<\/em><br \/><em>&#8211; vo\u0111enje IT projekata<br \/>&#8211; edukacije<\/em><\/p>\n<p>Poduze\u0107e \u010dine iskusni djelatnici s dugogodi\u0161njim iskustvom u IT poslovanju.<\/p>\n<p>Zadovoljstvo na\u0161ih korisnika je najbolji pokazatelj kvalitete na\u0161ih usluga.<\/p>\n<p>Nazovite nas na +<strong>385 (0) 98 472642<\/strong> ili po\u0161aljite poruku na <a href=\"mailto:sabirnica.zagreb@gmail.com\"><strong>sabirnica.zagreb@gmail.com<\/strong><\/a> ili <a href=\"mailto:info@sabirnica-online.com\"><strong>info@sabirnica-online.com<\/strong><\/a><\/p>\n\n\n<figure class=\"wp-block-image size-full\"><img loading=\"lazy\" decoding=\"async\" width=\"600\" height=\"100\" src=\"http:\/\/sabirnica-online.com\/wp-content\/uploads\/2024\/01\/bonitet_potpis-2.png\" alt=\"\" class=\"wp-image-74\" srcset=\"https:\/\/sabirnica-online.com\/wp-content\/uploads\/2024\/01\/bonitet_potpis-2.png 600w, https:\/\/sabirnica-online.com\/wp-content\/uploads\/2024\/01\/bonitet_potpis-2-300x50.png 300w\" sizes=\"auto, (max-width: 600px) 100vw, 600px\" \/><\/figure>\n","protected":false},"excerpt":{"rendered":"<p>Sabirnica d.o.o. pru\u017ea informati\u010dke usluge koje obuhva\u0107aju aktivnosti iz podru\u010dja informati\u010dke tehnologije: &#8211; nabava i isporuka informati\u010dke opreme (HW i SW)&#8211; instalacija informati\u010dke opreme (HW i SW)&#8211; izrada aplikacija posebno prilago\u0111enih potrebama poslovanja pojedinog pravnog ili fizi\u010dkog subjekta&#8211; implementacija raznih programskih rje\u0161enja: Odoo, Alfresco, LimeSurvey itd.&#8211; odr\u017eavanje IT sustava (HW, SW, AD administracija, AV, network, &hellip; <a href=\"https:\/\/sabirnica-online.com\/\" class=\"more-link\">Continue reading <span class=\"screen-reader-text\">Po\u010detna stranica<\/span><\/a><\/p>\n","protected":false},"author":1,"featured_media":0,"parent":0,"menu_order":0,"comment_status":"closed","ping_status":"closed","template":"","meta":{"footnotes":""},"class_list":["post-18","page","type-page","status-publish","hentry"],"yoast_head":"<!-- This site is optimized with the Yoast SEO plugin v25.7 - https:\/\/yoast.com\/wordpress\/plugins\/seo\/ -->\n<title>Po\u010detna stranica - SABIRNICA<\/title>\n<meta name=\"description\" content=\"Sabirnica d.o.o. za IT usluge koje uklju\u010duju nabavu, instalaciju, podr\u0161ku, odr\u017eavanje, edukaciju i upravljanje projektima\" \/>\n<meta name=\"robots\" content=\"index, follow, max-snippet:-1, max-image-preview:large, max-video-preview:-1\" \/>\n<link rel=\"canonical\" href=\"https:\/\/sabirnica-online.com\/\" \/>\n<meta property=\"og:locale\" content=\"en_US\" \/>\n<meta property=\"og:type\" content=\"article\" \/>\n<meta property=\"og:title\" content=\"Po\u010detna stranica - SABIRNICA\" \/>\n<meta property=\"og:description\" content=\"Sabirnica d.o.o. za IT usluge koje uklju\u010duju nabavu, instalaciju, podr\u0161ku, odr\u017eavanje, edukaciju i upravljanje projektima\" \/>\n<meta property=\"og:url\" content=\"https:\/\/sabirnica-online.com\/\" \/>\n<meta property=\"og:site_name\" content=\"SABIRNICA\" \/>\n<meta property=\"article:modified_time\" content=\"2025-08-19T10:18:43+00:00\" \/>\n<meta property=\"og:image\" content=\"http:\/\/sabirnica-online.com\/wp-content\/uploads\/2024\/01\/bonitet_potpis-2.png\" \/>\n<meta name=\"twitter:card\" content=\"summary_large_image\" \/>\n<meta name=\"twitter:label1\" content=\"Est. reading time\" \/>\n\t<meta name=\"twitter:data1\" content=\"1 minute\" \/>\n<script type=\"application\/ld+json\" class=\"yoast-schema-graph\">{\"@context\":\"https:\/\/schema.org\",\"@graph\":[{\"@type\":\"WebPage\",\"@id\":\"https:\/\/sabirnica-online.com\/\",\"url\":\"https:\/\/sabirnica-online.com\/\",\"name\":\"Po\u010detna stranica - SABIRNICA\",\"isPartOf\":{\"@id\":\"https:\/\/sabirnica-online.com\/#website\"},\"primaryImageOfPage\":{\"@id\":\"https:\/\/sabirnica-online.com\/#primaryimage\"},\"image\":{\"@id\":\"https:\/\/sabirnica-online.com\/#primaryimage\"},\"thumbnailUrl\":\"http:\/\/sabirnica-online.com\/wp-content\/uploads\/2024\/01\/bonitet_potpis-2.png\",\"datePublished\":\"2018-07-16T10:07:15+00:00\",\"dateModified\":\"2025-08-19T10:18:43+00:00\",\"description\":\"Sabirnica d.o.o. za IT usluge koje uklju\u010duju nabavu, instalaciju, podr\u0161ku, odr\u017eavanje, edukaciju i upravljanje projektima\",\"breadcrumb\":{\"@id\":\"https:\/\/sabirnica-online.com\/#breadcrumb\"},\"inLanguage\":\"en-US\",\"potentialAction\":[{\"@type\":\"ReadAction\",\"target\":[\"https:\/\/sabirnica-online.com\/\"]}]},{\"@type\":\"ImageObject\",\"inLanguage\":\"en-US\",\"@id\":\"https:\/\/sabirnica-online.com\/#primaryimage\",\"url\":\"https:\/\/sabirnica-online.com\/wp-content\/uploads\/2024\/01\/bonitet_potpis-2.png\",\"contentUrl\":\"https:\/\/sabirnica-online.com\/wp-content\/uploads\/2024\/01\/bonitet_potpis-2.png\",\"width\":600,\"height\":100},{\"@type\":\"BreadcrumbList\",\"@id\":\"https:\/\/sabirnica-online.com\/#breadcrumb\",\"itemListElement\":[{\"@type\":\"ListItem\",\"position\":1,\"name\":\"Home\",\"item\":\"https:\/\/sabirnica-online.com\/\"},{\"@type\":\"ListItem\",\"position\":2,\"name\":\"Po\u010detna stranica\"}]},{\"@type\":\"WebSite\",\"@id\":\"https:\/\/sabirnica-online.com\/#website\",\"url\":\"https:\/\/sabirnica-online.com\/\",\"name\":\"SABIRNICA\",\"description\":\"IT technology for YOU!\",\"potentialAction\":[{\"@type\":\"SearchAction\",\"target\":{\"@type\":\"EntryPoint\",\"urlTemplate\":\"https:\/\/sabirnica-online.com\/?s={search_term_string}\"},\"query-input\":{\"@type\":\"PropertyValueSpecification\",\"valueRequired\":true,\"valueName\":\"search_term_string\"}}],\"inLanguage\":\"en-US\"}]}<\/script>\n<!-- \/ Yoast SEO plugin. -->","yoast_head_json":{"title":"Po\u010detna stranica - SABIRNICA","description":"Sabirnica d.o.o. za IT usluge koje uklju\u010duju nabavu, instalaciju, podr\u0161ku, odr\u017eavanje, edukaciju i upravljanje projektima","robots":{"index":"index","follow":"follow","max-snippet":"max-snippet:-1","max-image-preview":"max-image-preview:large","max-video-preview":"max-video-preview:-1"},"canonical":"https:\/\/sabirnica-online.com\/","og_locale":"en_US","og_type":"article","og_title":"Po\u010detna stranica - SABIRNICA","og_description":"Sabirnica d.o.o. za IT usluge koje uklju\u010duju nabavu, instalaciju, podr\u0161ku, odr\u017eavanje, edukaciju i upravljanje projektima","og_url":"https:\/\/sabirnica-online.com\/","og_site_name":"SABIRNICA","article_modified_time":"2025-08-19T10:18:43+00:00","og_image":[{"url":"http:\/\/sabirnica-online.com\/wp-content\/uploads\/2024\/01\/bonitet_potpis-2.png","type":"","width":"","height":""}],"twitter_card":"summary_large_image","twitter_misc":{"Est. reading time":"1 minute"},"schema":{"@context":"https:\/\/schema.org","@graph":[{"@type":"WebPage","@id":"https:\/\/sabirnica-online.com\/","url":"https:\/\/sabirnica-online.com\/","name":"Po\u010detna stranica - SABIRNICA","isPartOf":{"@id":"https:\/\/sabirnica-online.com\/#website"},"primaryImageOfPage":{"@id":"https:\/\/sabirnica-online.com\/#primaryimage"},"image":{"@id":"https:\/\/sabirnica-online.com\/#primaryimage"},"thumbnailUrl":"http:\/\/sabirnica-online.com\/wp-content\/uploads\/2024\/01\/bonitet_potpis-2.png","datePublished":"2018-07-16T10:07:15+00:00","dateModified":"2025-08-19T10:18:43+00:00","description":"Sabirnica d.o.o. za IT usluge koje uklju\u010duju nabavu, instalaciju, podr\u0161ku, odr\u017eavanje, edukaciju i upravljanje projektima","breadcrumb":{"@id":"https:\/\/sabirnica-online.com\/#breadcrumb"},"inLanguage":"en-US","potentialAction":[{"@type":"ReadAction","target":["https:\/\/sabirnica-online.com\/"]}]},{"@type":"ImageObject","inLanguage":"en-US","@id":"https:\/\/sabirnica-online.com\/#primaryimage","url":"https:\/\/sabirnica-online.com\/wp-content\/uploads\/2024\/01\/bonitet_potpis-2.png","contentUrl":"https:\/\/sabirnica-online.com\/wp-content\/uploads\/2024\/01\/bonitet_potpis-2.png","width":600,"height":100},{"@type":"BreadcrumbList","@id":"https:\/\/sabirnica-online.com\/#breadcrumb","itemListElement":[{"@type":"ListItem","position":1,"name":"Home","item":"https:\/\/sabirnica-online.com\/"},{"@type":"ListItem","position":2,"name":"Po\u010detna stranica"}]},{"@type":"WebSite","@id":"https:\/\/sabirnica-online.com\/#website","url":"https:\/\/sabirnica-online.com\/","name":"SABIRNICA","description":"IT technology for YOU!","potentialAction":[{"@type":"SearchAction","target":{"@type":"EntryPoint","urlTemplate":"https:\/\/sabirnica-online.com\/?s={search_term_string}"},"query-input":{"@type":"PropertyValueSpecification","valueRequired":true,"valueName":"search_term_string"}}],"inLanguage":"en-US"}]}},"_links":{"self":[{"href":"https:\/\/sabirnica-online.com\/index.php?rest_route=\/wp\/v2\/pages\/18","targetHints":{"allow":["GET"]}}],"collection":[{"href":"https:\/\/sabirnica-online.com\/index.php?rest_route=\/wp\/v2\/pages"}],"about":[{"href":"https:\/\/sabirnica-online.com\/index.php?rest_route=\/wp\/v2\/types\/page"}],"author":[{"embeddable":true,"href":"https:\/\/sabirnica-online.com\/index.php?rest_route=\/wp\/v2\/users\/1"}],"replies":[{"embeddable":true,"href":"https:\/\/sabirnica-online.com\/index.php?rest_route=%2Fwp%2Fv2%2Fcomments&post=18"}],"version-history":[{"count":4,"href":"https:\/\/sabirnica-online.com\/index.php?rest_route=\/wp\/v2\/pages\/18\/revisions"}],"predecessor-version":[{"id":81,"href":"https:\/\/sabirnica-online.com\/index.php?rest_route=\/wp\/v2\/pages\/18\/revisions\/81"}],"wp:attachment":[{"href":"https:\/\/sabirnica-online.com\/index.php?rest_route=%2Fwp%2Fv2%2Fmedia&parent=18"}],"curies":[{"name":"wp","href":"https:\/\/api.w.org\/{rel}","templated":true}]}}