{"id":16,"date":"2018-07-16T09:50:18","date_gmt":"2018-07-16T09:50:18","guid":{"rendered":"http:\/\/sabirnica-online.com\/?page_id=16"},"modified":"2025-08-19T10:18:28","modified_gmt":"2025-08-19T10:18:28","slug":"o-nama","status":"publish","type":"page","link":"https:\/\/sabirnica-online.com\/?page_id=16","title":{"rendered":"O nama"},"content":{"rendered":"<p><b>SABIRNICA<\/b> d.o.o. za informati\u010dke djelatnosti<br \/>(skra\u0107eni naziv: Sabirnica d.o.o.)<br \/>Tijardovi\u0107eva ulica 6<br \/>10000 Zagreb<\/p>\n<p>Registrirano u: Trgova\u010dki sud u Zagrebu;\u00a0MBS: 080749867; NKD 2007: 6209; OIB: 87973321172<\/p>\n<p>Komunikaciju s nama mo\u017eete obavljati putem e-mail poruka na adresi:<br \/><strong> <a href=\"mailto:sabirnica.zagreb@gmail.com\">sabirnica.zagreb@gmail.com<\/a><\/strong><\/p>\n<p>ili pozivom na broj mobilnog ure\u0111aja: <strong>098 472 642<br \/><\/strong>te putem na\u0161e <a href=\"http:\/\/www.facebook.com\/pages\/Sabirnica\/150252378361577\" target=\"_blank\" rel=\"noopener\">FB stranice<\/a> i <a href=\"http:\/\/twitter.com\/#!\/sabirnica\" target=\"_blank\" rel=\"noopener\">twitter<\/a>-a!<\/p>\n<p><strong>Sabirnica <\/strong>ili engleski <em>bus <\/em>(<em>buses<\/em> &#8211; mno\u017eina)<em> je podskup unutar ra\u010dunala ili neke druge elektroni\u010dke opreme koja kroz jedan dogovoreni standard omogu\u0107ava usmjeravanje podataka i upravlja\u010dkih signala izme\u0111u: integriranih krugova kao na primjer CPU i memorije, ostalih ure\u0111aja koje sa\u010dinjavaju ra\u010dunalo pod skupova unutar ra\u010dunala, ili izmedu me\u0111uspojnica koje dozvoljavaju spajanje ra\u010dunala s vanjskim svijetom.<\/em><\/p>\n\n<div class=\"wp-block-image\">\n<figure class=\"aligncenter size-full\"><img loading=\"lazy\" decoding=\"async\" width=\"260\" height=\"260\" src=\"http:\/\/sabirnica-online.com\/wp-content\/uploads\/2024\/01\/bonitet.png\" alt=\"\" class=\"wp-image-56\" srcset=\"https:\/\/sabirnica-online.com\/wp-content\/uploads\/2024\/01\/bonitet.png 260w, https:\/\/sabirnica-online.com\/wp-content\/uploads\/2024\/01\/bonitet-150x150.png 150w\" sizes=\"auto, (max-width: 260px) 100vw, 260px\" \/><\/figure><\/div>\n\n\n<figure class=\"wp-block-image size-large\"><img loading=\"lazy\" decoding=\"async\" width=\"721\" height=\"1024\" src=\"http:\/\/sabirnica-online.com\/wp-content\/uploads\/2024\/01\/bonitet2023-1-721x1024.png\" alt=\"\" class=\"wp-image-70\" srcset=\"https:\/\/sabirnica-online.com\/wp-content\/uploads\/2024\/01\/bonitet2023-1-721x1024.png 721w, https:\/\/sabirnica-online.com\/wp-content\/uploads\/2024\/01\/bonitet2023-1-211x300.png 211w, https:\/\/sabirnica-online.com\/wp-content\/uploads\/2024\/01\/bonitet2023-1-768x1091.png 768w, https:\/\/sabirnica-online.com\/wp-content\/uploads\/2024\/01\/bonitet2023-1-1081x1536.png 1081w, https:\/\/sabirnica-online.com\/wp-content\/uploads\/2024\/01\/bonitet2023-1.png 1164w\" sizes=\"auto, (max-width: 721px) 100vw, 721px\" \/><\/figure>\n\n\n<div class=\"wp-block-image\">\n<figure class=\"aligncenter size-full\"><img loading=\"lazy\" decoding=\"async\" width=\"260\" height=\"260\" src=\"http:\/\/sabirnica-online.com\/wp-content\/uploads\/2024\/01\/bonitet2022-1.png\" alt=\"\" class=\"wp-image-69\" srcset=\"https:\/\/sabirnica-online.com\/wp-content\/uploads\/2024\/01\/bonitet2022-1.png 260w, https:\/\/sabirnica-online.com\/wp-content\/uploads\/2024\/01\/bonitet2022-1-150x150.png 150w\" sizes=\"auto, (max-width: 260px) 100vw, 260px\" \/><\/figure><\/div>\n\n\n<figure class=\"wp-block-image size-large\"><img loading=\"lazy\" decoding=\"async\" width=\"724\" height=\"1024\" src=\"http:\/\/sabirnica-online.com\/wp-content\/uploads\/2024\/01\/sabirnica-4-724x1024.jpg\" alt=\"\" class=\"wp-image-68\" srcset=\"https:\/\/sabirnica-online.com\/wp-content\/uploads\/2024\/01\/sabirnica-4-724x1024.jpg 724w, https:\/\/sabirnica-online.com\/wp-content\/uploads\/2024\/01\/sabirnica-4-212x300.jpg 212w, https:\/\/sabirnica-online.com\/wp-content\/uploads\/2024\/01\/sabirnica-4-768x1087.jpg 768w, https:\/\/sabirnica-online.com\/wp-content\/uploads\/2024\/01\/sabirnica-4-1086x1536.jpg 1086w, https:\/\/sabirnica-online.com\/wp-content\/uploads\/2024\/01\/sabirnica-4-1447x2048.jpg 1447w, https:\/\/sabirnica-online.com\/wp-content\/uploads\/2024\/01\/sabirnica-4-scaled.jpg 1809w\" sizes=\"auto, (max-width: 724px) 100vw, 724px\" \/><\/figure>\n\n\n\n<figure class=\"wp-block-image size-large\"><img loading=\"lazy\" decoding=\"async\" width=\"724\" height=\"1024\" src=\"http:\/\/sabirnica-online.com\/wp-content\/uploads\/2024\/01\/sabirnica-3-724x1024.jpg\" alt=\"\" class=\"wp-image-67\" srcset=\"https:\/\/sabirnica-online.com\/wp-content\/uploads\/2024\/01\/sabirnica-3-724x1024.jpg 724w, https:\/\/sabirnica-online.com\/wp-content\/uploads\/2024\/01\/sabirnica-3-212x300.jpg 212w, https:\/\/sabirnica-online.com\/wp-content\/uploads\/2024\/01\/sabirnica-3-768x1087.jpg 768w, https:\/\/sabirnica-online.com\/wp-content\/uploads\/2024\/01\/sabirnica-3-1086x1536.jpg 1086w, https:\/\/sabirnica-online.com\/wp-content\/uploads\/2024\/01\/sabirnica-3-1447x2048.jpg 1447w, https:\/\/sabirnica-online.com\/wp-content\/uploads\/2024\/01\/sabirnica-3-scaled.jpg 1809w\" sizes=\"auto, (max-width: 724px) 100vw, 724px\" \/><\/figure>\n","protected":false},"excerpt":{"rendered":"<p>SABIRNICA d.o.o. za informati\u010dke djelatnosti(skra\u0107eni naziv: Sabirnica d.o.o.)Tijardovi\u0107eva ulica 610000 Zagreb Registrirano u: Trgova\u010dki sud u Zagrebu;\u00a0MBS: 080749867; NKD 2007: 6209; OIB: 87973321172 Komunikaciju s nama mo\u017eete obavljati putem e-mail poruka na adresi: sabirnica.zagreb@gmail.com ili pozivom na broj mobilnog ure\u0111aja: 098 472 642te putem na\u0161e FB stranice i twitter-a! Sabirnica ili engleski bus (buses &#8211; &hellip; <a href=\"https:\/\/sabirnica-online.com\/?page_id=16\" class=\"more-link\">Continue reading <span class=\"screen-reader-text\">O nama<\/span><\/a><\/p>\n","protected":false},"author":1,"featured_media":0,"parent":0,"menu_order":0,"comment_status":"closed","ping_status":"closed","template":"","meta":{"footnotes":""},"class_list":["post-16","page","type-page","status-publish","hentry"],"yoast_head":"<!-- This site is optimized with the Yoast SEO plugin v25.7 - https:\/\/yoast.com\/wordpress\/plugins\/seo\/ -->\n<title>O nama - SABIRNICA<\/title>\n<meta name=\"robots\" content=\"index, follow, max-snippet:-1, max-image-preview:large, max-video-preview:-1\" \/>\n<link rel=\"canonical\" href=\"https:\/\/sabirnica-online.com\/?page_id=16\" \/>\n<meta property=\"og:locale\" content=\"en_US\" \/>\n<meta property=\"og:type\" content=\"article\" \/>\n<meta property=\"og:title\" content=\"O nama - SABIRNICA\" \/>\n<meta property=\"og:description\" content=\"SABIRNICA d.o.o. za informati\u010dke djelatnosti(skra\u0107eni naziv: Sabirnica d.o.o.)Tijardovi\u0107eva ulica 610000 Zagreb Registrirano u: Trgova\u010dki sud u Zagrebu;\u00a0MBS: 080749867; NKD 2007: 6209; OIB: 87973321172 Komunikaciju s nama mo\u017eete obavljati putem e-mail poruka na adresi: sabirnica.zagreb@gmail.com ili pozivom na broj mobilnog ure\u0111aja: 098 472 642te putem na\u0161e FB stranice i twitter-a! Sabirnica ili engleski bus (buses &#8211; &hellip; Continue reading O nama\" \/>\n<meta property=\"og:url\" content=\"https:\/\/sabirnica-online.com\/?page_id=16\" \/>\n<meta property=\"og:site_name\" content=\"SABIRNICA\" \/>\n<meta property=\"article:modified_time\" content=\"2025-08-19T10:18:28+00:00\" \/>\n<meta property=\"og:image\" content=\"http:\/\/sabirnica-online.com\/wp-content\/uploads\/2024\/01\/bonitet.png\" \/>\n<meta name=\"twitter:card\" content=\"summary_large_image\" \/>\n<meta name=\"twitter:label1\" content=\"Est. reading time\" \/>\n\t<meta name=\"twitter:data1\" content=\"2 minutes\" \/>\n<script type=\"application\/ld+json\" class=\"yoast-schema-graph\">{\"@context\":\"https:\/\/schema.org\",\"@graph\":[{\"@type\":\"WebPage\",\"@id\":\"https:\/\/sabirnica-online.com\/?page_id=16\",\"url\":\"https:\/\/sabirnica-online.com\/?page_id=16\",\"name\":\"O nama - SABIRNICA\",\"isPartOf\":{\"@id\":\"https:\/\/sabirnica-online.com\/#website\"},\"primaryImageOfPage\":{\"@id\":\"https:\/\/sabirnica-online.com\/?page_id=16#primaryimage\"},\"image\":{\"@id\":\"https:\/\/sabirnica-online.com\/?page_id=16#primaryimage\"},\"thumbnailUrl\":\"http:\/\/sabirnica-online.com\/wp-content\/uploads\/2024\/01\/bonitet.png\",\"datePublished\":\"2018-07-16T09:50:18+00:00\",\"dateModified\":\"2025-08-19T10:18:28+00:00\",\"breadcrumb\":{\"@id\":\"https:\/\/sabirnica-online.com\/?page_id=16#breadcrumb\"},\"inLanguage\":\"en-US\",\"potentialAction\":[{\"@type\":\"ReadAction\",\"target\":[\"https:\/\/sabirnica-online.com\/?page_id=16\"]}]},{\"@type\":\"ImageObject\",\"inLanguage\":\"en-US\",\"@id\":\"https:\/\/sabirnica-online.com\/?page_id=16#primaryimage\",\"url\":\"https:\/\/sabirnica-online.com\/wp-content\/uploads\/2024\/01\/bonitet.png\",\"contentUrl\":\"https:\/\/sabirnica-online.com\/wp-content\/uploads\/2024\/01\/bonitet.png\",\"width\":260,\"height\":260},{\"@type\":\"BreadcrumbList\",\"@id\":\"https:\/\/sabirnica-online.com\/?page_id=16#breadcrumb\",\"itemListElement\":[{\"@type\":\"ListItem\",\"position\":1,\"name\":\"Home\",\"item\":\"https:\/\/sabirnica-online.com\/\"},{\"@type\":\"ListItem\",\"position\":2,\"name\":\"O nama\"}]},{\"@type\":\"WebSite\",\"@id\":\"https:\/\/sabirnica-online.com\/#website\",\"url\":\"https:\/\/sabirnica-online.com\/\",\"name\":\"SABIRNICA\",\"description\":\"IT technology for YOU!\",\"potentialAction\":[{\"@type\":\"SearchAction\",\"target\":{\"@type\":\"EntryPoint\",\"urlTemplate\":\"https:\/\/sabirnica-online.com\/?s={search_term_string}\"},\"query-input\":{\"@type\":\"PropertyValueSpecification\",\"valueRequired\":true,\"valueName\":\"search_term_string\"}}],\"inLanguage\":\"en-US\"}]}<\/script>\n<!-- \/ Yoast SEO plugin. -->","yoast_head_json":{"title":"O nama - SABIRNICA","robots":{"index":"index","follow":"follow","max-snippet":"max-snippet:-1","max-image-preview":"max-image-preview:large","max-video-preview":"max-video-preview:-1"},"canonical":"https:\/\/sabirnica-online.com\/?page_id=16","og_locale":"en_US","og_type":"article","og_title":"O nama - SABIRNICA","og_description":"SABIRNICA d.o.o. za informati\u010dke djelatnosti(skra\u0107eni naziv: Sabirnica d.o.o.)Tijardovi\u0107eva ulica 610000 Zagreb Registrirano u: Trgova\u010dki sud u Zagrebu;\u00a0MBS: 080749867; NKD 2007: 6209; OIB: 87973321172 Komunikaciju s nama mo\u017eete obavljati putem e-mail poruka na adresi: sabirnica.zagreb@gmail.com ili pozivom na broj mobilnog ure\u0111aja: 098 472 642te putem na\u0161e FB stranice i twitter-a! Sabirnica ili engleski bus (buses &#8211; &hellip; Continue reading O nama","og_url":"https:\/\/sabirnica-online.com\/?page_id=16","og_site_name":"SABIRNICA","article_modified_time":"2025-08-19T10:18:28+00:00","og_image":[{"url":"http:\/\/sabirnica-online.com\/wp-content\/uploads\/2024\/01\/bonitet.png","type":"","width":"","height":""}],"twitter_card":"summary_large_image","twitter_misc":{"Est. reading time":"2 minutes"},"schema":{"@context":"https:\/\/schema.org","@graph":[{"@type":"WebPage","@id":"https:\/\/sabirnica-online.com\/?page_id=16","url":"https:\/\/sabirnica-online.com\/?page_id=16","name":"O nama - SABIRNICA","isPartOf":{"@id":"https:\/\/sabirnica-online.com\/#website"},"primaryImageOfPage":{"@id":"https:\/\/sabirnica-online.com\/?page_id=16#primaryimage"},"image":{"@id":"https:\/\/sabirnica-online.com\/?page_id=16#primaryimage"},"thumbnailUrl":"http:\/\/sabirnica-online.com\/wp-content\/uploads\/2024\/01\/bonitet.png","datePublished":"2018-07-16T09:50:18+00:00","dateModified":"2025-08-19T10:18:28+00:00","breadcrumb":{"@id":"https:\/\/sabirnica-online.com\/?page_id=16#breadcrumb"},"inLanguage":"en-US","potentialAction":[{"@type":"ReadAction","target":["https:\/\/sabirnica-online.com\/?page_id=16"]}]},{"@type":"ImageObject","inLanguage":"en-US","@id":"https:\/\/sabirnica-online.com\/?page_id=16#primaryimage","url":"https:\/\/sabirnica-online.com\/wp-content\/uploads\/2024\/01\/bonitet.png","contentUrl":"https:\/\/sabirnica-online.com\/wp-content\/uploads\/2024\/01\/bonitet.png","width":260,"height":260},{"@type":"BreadcrumbList","@id":"https:\/\/sabirnica-online.com\/?page_id=16#breadcrumb","itemListElement":[{"@type":"ListItem","position":1,"name":"Home","item":"https:\/\/sabirnica-online.com\/"},{"@type":"ListItem","position":2,"name":"O nama"}]},{"@type":"WebSite","@id":"https:\/\/sabirnica-online.com\/#website","url":"https:\/\/sabirnica-online.com\/","name":"SABIRNICA","description":"IT technology for YOU!","potentialAction":[{"@type":"SearchAction","target":{"@type":"EntryPoint","urlTemplate":"https:\/\/sabirnica-online.com\/?s={search_term_string}"},"query-input":{"@type":"PropertyValueSpecification","valueRequired":true,"valueName":"search_term_string"}}],"inLanguage":"en-US"}]}},"_links":{"self":[{"href":"https:\/\/sabirnica-online.com\/index.php?rest_route=\/wp\/v2\/pages\/16","targetHints":{"allow":["GET"]}}],"collection":[{"href":"https:\/\/sabirnica-online.com\/index.php?rest_route=\/wp\/v2\/pages"}],"about":[{"href":"https:\/\/sabirnica-online.com\/index.php?rest_route=\/wp\/v2\/types\/page"}],"author":[{"embeddable":true,"href":"https:\/\/sabirnica-online.com\/index.php?rest_route=\/wp\/v2\/users\/1"}],"replies":[{"embeddable":true,"href":"https:\/\/sabirnica-online.com\/index.php?rest_route=%2Fwp%2Fv2%2Fcomments&post=16"}],"version-history":[{"count":5,"href":"https:\/\/sabirnica-online.com\/index.php?rest_route=\/wp\/v2\/pages\/16\/revisions"}],"predecessor-version":[{"id":80,"href":"https:\/\/sabirnica-online.com\/index.php?rest_route=\/wp\/v2\/pages\/16\/revisions\/80"}],"wp:attachment":[{"href":"https:\/\/sabirnica-online.com\/index.php?rest_route=%2Fwp%2Fv2%2Fmedia&parent=16"}],"curies":[{"name":"wp","href":"https:\/\/api.w.org\/{rel}","templated":true}]}}